{"id":699,"date":"2020-12-28T18:18:54","date_gmt":"2020-12-28T18:18:54","guid":{"rendered":"https:\/\/leonardlesic.com\/?page_id=699"},"modified":"2020-12-29T16:19:56","modified_gmt":"2020-12-29T16:19:56","slug":"commissions","status":"publish","type":"page","link":"https:\/\/leonardlesic.com\/?page_id=699","title":{"rendered":"COMMISSIONS"},"content":{"rendered":"\n<p><\/p>\n\n\n\n<p><\/p>\n\n\n\n<p class=\"has-text-align-center\"><strong>MURALS, PAINTINGS, ILLUSTRATION AND EXHIBITIONS<\/strong> <\/p>\n\n\n\n<p class=\"has-text-align-center\"> Please send all enquiries via Contact page or email, with as much project information as possible.<\/p>\n\n\n\n<p class=\"has-text-align-center\">\/\/<\/p>\n\n\n\n<p class=\"has-text-align-center\"><strong>MURALI, SLIKE, ILUSTRACIJE I IZLO\u017dBE<\/strong> <\/p>\n\n\n\n<p class=\"has-text-align-center\">Molim po\u0161aljite mi sve upite putem kontakt forme ili emaila, sa \u0161to vi\u0161e podataka o projektu.<\/p>\n\n\n\n<p class=\"has-text-align-center\"><strong>info@leonardlesic.com<\/strong><\/p>\n","protected":false},"excerpt":{"rendered":"<p>MURALS, PAINTINGS, ILLUSTRATION AND EXHIBITIONS Please send all enquiries via Contact page or email, with as much project information as possible. \/\/ MURALI, SLIKE, ILUSTRACIJE I IZLO\u017dBE Molim po\u0161aljite mi sve upite putem kontakt forme ili emaila, sa \u0161to vi\u0161e podataka o projektu. info@leonardlesic.com<\/p>\n","protected":false},"author":1,"featured_media":0,"parent":0,"menu_order":0,"comment_status":"closed","ping_status":"closed","template":"","meta":{"footnotes":""},"class_list":["post-699","page","type-page","status-publish","hentry"],"yoast_head":"<!-- This site is optimized with the Yoast SEO plugin v20.2.1 - https:\/\/yoast.com\/wordpress\/plugins\/seo\/ -->\n<title>COMMISSIONS - Leonard Lesic<\/title>\n<meta name=\"description\" content=\"Leonard Lesic\" \/>\n<meta name=\"robots\" content=\"index, follow, max-snippet:-1, max-image-preview:large, max-video-preview:-1\" \/>\n<link rel=\"canonical\" href=\"http:\/\/leonardlesic.com\/?page_id=699\" \/>\n<meta property=\"og:locale\" content=\"en_US\" \/>\n<meta property=\"og:type\" content=\"article\" \/>\n<meta property=\"og:title\" content=\"COMMISSIONS - Leonard Lesic\" \/>\n<meta property=\"og:description\" content=\"Leonard Lesic\" \/>\n<meta property=\"og:url\" content=\"http:\/\/leonardlesic.com\/?page_id=699\" \/>\n<meta property=\"og:site_name\" content=\"Leonard Lesic\" \/>\n<meta property=\"article:modified_time\" content=\"2020-12-29T16:19:56+00:00\" \/>\n<meta name=\"twitter:card\" content=\"summary_large_image\" \/>\n<script type=\"application\/ld+json\" class=\"yoast-schema-graph\">{\"@context\":\"https:\/\/schema.org\",\"@graph\":[{\"@type\":\"WebPage\",\"@id\":\"http:\/\/leonardlesic.com\/?page_id=699\",\"url\":\"http:\/\/leonardlesic.com\/?page_id=699\",\"name\":\"COMMISSIONS - Leonard Lesic\",\"isPartOf\":{\"@id\":\"https:\/\/leonardlesic.com\/#website\"},\"datePublished\":\"2020-12-28T18:18:54+00:00\",\"dateModified\":\"2020-12-29T16:19:56+00:00\",\"description\":\"Leonard Lesic\",\"breadcrumb\":{\"@id\":\"http:\/\/leonardlesic.com\/?page_id=699#breadcrumb\"},\"inLanguage\":\"en-US\",\"potentialAction\":[{\"@type\":\"ReadAction\",\"target\":[\"http:\/\/leonardlesic.com\/?page_id=699\"]}]},{\"@type\":\"BreadcrumbList\",\"@id\":\"http:\/\/leonardlesic.com\/?page_id=699#breadcrumb\",\"itemListElement\":[{\"@type\":\"ListItem\",\"position\":1,\"name\":\"Home\",\"item\":\"https:\/\/leonardlesic.com\/\"},{\"@type\":\"ListItem\",\"position\":2,\"name\":\"COMMISSIONS\"}]},{\"@type\":\"WebSite\",\"@id\":\"https:\/\/leonardlesic.com\/#website\",\"url\":\"https:\/\/leonardlesic.com\/\",\"name\":\"Leonard Lesic\",\"description\":\"\",\"potentialAction\":[{\"@type\":\"SearchAction\",\"target\":{\"@type\":\"EntryPoint\",\"urlTemplate\":\"https:\/\/leonardlesic.com\/?s={search_term_string}\"},\"query-input\":\"required name=search_term_string\"}],\"inLanguage\":\"en-US\"}]}<\/script>\n<!-- \/ Yoast SEO plugin. -->","yoast_head_json":{"title":"COMMISSIONS - Leonard Lesic","description":"Leonard Lesic","robots":{"index":"index","follow":"follow","max-snippet":"max-snippet:-1","max-image-preview":"max-image-preview:large","max-video-preview":"max-video-preview:-1"},"canonical":"http:\/\/leonardlesic.com\/?page_id=699","og_locale":"en_US","og_type":"article","og_title":"COMMISSIONS - Leonard Lesic","og_description":"Leonard Lesic","og_url":"http:\/\/leonardlesic.com\/?page_id=699","og_site_name":"Leonard Lesic","article_modified_time":"2020-12-29T16:19:56+00:00","twitter_card":"summary_large_image","schema":{"@context":"https:\/\/schema.org","@graph":[{"@type":"WebPage","@id":"http:\/\/leonardlesic.com\/?page_id=699","url":"http:\/\/leonardlesic.com\/?page_id=699","name":"COMMISSIONS - Leonard Lesic","isPartOf":{"@id":"https:\/\/leonardlesic.com\/#website"},"datePublished":"2020-12-28T18:18:54+00:00","dateModified":"2020-12-29T16:19:56+00:00","description":"Leonard Lesic","breadcrumb":{"@id":"http:\/\/leonardlesic.com\/?page_id=699#breadcrumb"},"inLanguage":"en-US","potentialAction":[{"@type":"ReadAction","target":["http:\/\/leonardlesic.com\/?page_id=699"]}]},{"@type":"BreadcrumbList","@id":"http:\/\/leonardlesic.com\/?page_id=699#breadcrumb","itemListElement":[{"@type":"ListItem","position":1,"name":"Home","item":"https:\/\/leonardlesic.com\/"},{"@type":"ListItem","position":2,"name":"COMMISSIONS"}]},{"@type":"WebSite","@id":"https:\/\/leonardlesic.com\/#website","url":"https:\/\/leonardlesic.com\/","name":"Leonard Lesic","description":"","potentialAction":[{"@type":"SearchAction","target":{"@type":"EntryPoint","urlTemplate":"https:\/\/leonardlesic.com\/?s={search_term_string}"},"query-input":"required name=search_term_string"}],"inLanguage":"en-US"}]}},"_links":{"self":[{"href":"https:\/\/leonardlesic.com\/index.php?rest_route=\/wp\/v2\/pages\/699","targetHints":{"allow":["GET"]}}],"collection":[{"href":"https:\/\/leonardlesic.com\/index.php?rest_route=\/wp\/v2\/pages"}],"about":[{"href":"https:\/\/leonardlesic.com\/index.php?rest_route=\/wp\/v2\/types\/page"}],"author":[{"embeddable":true,"href":"https:\/\/leonardlesic.com\/index.php?rest_route=\/wp\/v2\/users\/1"}],"replies":[{"embeddable":true,"href":"https:\/\/leonardlesic.com\/index.php?rest_route=%2Fwp%2Fv2%2Fcomments&post=699"}],"version-history":[{"count":11,"href":"https:\/\/leonardlesic.com\/index.php?rest_route=\/wp\/v2\/pages\/699\/revisions"}],"predecessor-version":[{"id":934,"href":"https:\/\/leonardlesic.com\/index.php?rest_route=\/wp\/v2\/pages\/699\/revisions\/934"}],"wp:attachment":[{"href":"https:\/\/leonardlesic.com\/index.php?rest_route=%2Fwp%2Fv2%2Fmedia&parent=699"}],"curies":[{"name":"wp","href":"https:\/\/api.w.org\/{rel}","templated":true}]}}